{"id":379,"date":"2019-08-02T14:32:21","date_gmt":"2019-08-02T12:32:21","guid":{"rendered":"https:\/\/casaemiliamexico.com\/politica-de-privacidad\/"},"modified":"2019-08-02T14:42:41","modified_gmt":"2019-08-02T12:42:41","slug":"politica-de-privacidad","status":"publish","type":"page","link":"https:\/\/casaemiliamexico.com\/en\/politica-de-privacidad\/","title":{"rendered":"Pol\u00edtica de privacidad"},"content":{"rendered":"\t\t<div data-elementor-type=\"wp-post\" data-elementor-id=\"379\" class=\"elementor elementor-379\" data-elementor-post-type=\"page\">\n\t\t\t\t\t\t<section class=\"elementor-section elementor-top-section elementor-element elementor-element-2038409 elementor-section-boxed elementor-section-height-default elementor-section-height-default\" data-id=\"2038409\" data-element_type=\"section\" data-e-type=\"section\">\n\t\t\t\t\t\t<div class=\"elementor-container elementor-column-gap-default\">\n\t\t\t\t\t<div class=\"elementor-column elementor-col-100 elementor-top-column elementor-element elementor-element-3c2ed76f\" data-id=\"3c2ed76f\" data-element_type=\"column\" data-e-type=\"column\">\n\t\t\t<div class=\"elementor-widget-wrap elementor-element-populated\">\n\t\t\t\t\t\t<div class=\"elementor-element elementor-element-32d5b24 elementor-widget elementor-widget-heading\" data-id=\"32d5b24\" data-element_type=\"widget\" data-e-type=\"widget\" data-widget_type=\"heading.default\">\n\t\t\t\t<div class=\"elementor-widget-container\">\n\t\t\t\t\t<h2 class=\"elementor-heading-title elementor-size-default\">POL\u00cdTICA DE PRIVACIDAD<\/h2>\t\t\t\t<\/div>\n\t\t\t\t<\/div>\n\t\t\t\t<div class=\"elementor-element elementor-element-5267db4e elementor-widget elementor-widget-text-editor\" data-id=\"5267db4e\" data-element_type=\"widget\" data-e-type=\"widget\" data-widget_type=\"text-editor.default\">\n\t\t\t\t<div class=\"elementor-widget-container\">\n\t\t\t\t\t\t\t\t\t<div id=\"clickdatos\"><p>En cumplimiento de lo establecido en la RGPD, le informamos que sus datos ser\u00e1n tratados en nuestros ficheros, con la finalidad del mantenimiento y cumplimiento de la relaci\u00f3n con nuestra entidad, incluyendo el env\u00edo de comunicaciones en el marco de la citada relaci\u00f3n.<\/p><p>As\u00ed mismo, sus datos ser\u00e1n cedidos en todos aquellos casos en que sea necesario para el desarrollo, cumplimiento y control de la relaci\u00f3n con nuestra entidad o en los supuestos en que lo autorice una norma con rango de ley. En cumplimiento de la RGPD puede ejercitar sus derechos ARCO ante <strong>CASA EMILIA<\/strong>, con direcci\u00f3n en <strong>Rio Ebro 51, 06500 &#8211; Ciudad de Mexico<\/strong>, adjuntando fotocopia de su DNI.<\/p><p>El contenido de esta comunicaci\u00f3n, as\u00ed como el de toda la documentaci\u00f3n anexa, est\u00e1 sujeta al deber de secreto y va dirigida \u00fanicamente a su destinatario. En el supuesto de que usted no fuera el destinatario, le solicitamos que nos lo indique y no comunique su contenido a terceros, procediendo a su destrucci\u00f3n.<\/p><p>El prestador de servicios de la sociedad de la informaci\u00f3n deber\u00e1 tener en cuenta que, adem\u00e1s de la informaci\u00f3n que facilite a los destinatarios del servicio a trav\u00e9s de su \u201cPol\u00edtica de Privacidad\u00bb, deber\u00e1 disponer de textos legales adicionales relativos a otras normativas de obligado cumplimiento, tales como, sin car\u00e1cter limitativo o excluyente, condiciones generales de la contrataci\u00f3n, propiedad intelectual e industrial, condiciones de utilizaci\u00f3n de la p\u00e1gina web y responsabilidades al respecto, o lo que la propia Ley 34\/2002, de 11 de julio, de Servicios de la Sociedad de la Informaci\u00f3n y de Comercio Electr\u00f3nico pueda establecer en cualesquiera otros preceptos al margen de su art\u00edculo 10 o incluso completar la informaci\u00f3n que, en relaci\u00f3n a \u00e9ste, fuese necesaria.<\/p><\/div>\t\t\t\t\t\t\t\t<\/div>\n\t\t\t\t<\/div>\n\t\t\t\t\t<\/div>\n\t\t<\/div>\n\t\t\t\t\t<\/div>\n\t\t<\/section>\n\t\t\t\t<\/div>\n\t\t","protected":false},"excerpt":{"rendered":"<p>POL\u00cdTICA DE PRIVACIDAD En cumplimiento de lo establecido en la RGPD, le informamos que sus datos ser\u00e1n tratados en nuestros ficheros, con la finalidad del mantenimiento y cumplimiento de la relaci\u00f3n con nuestra entidad, incluyendo el env\u00edo de comunicaciones en el marco de la citada relaci\u00f3n. As\u00ed mismo, sus datos ser\u00e1n cedidos en todos aquellos [&hellip;]<\/p>\n","protected":false},"author":1,"featured_media":0,"parent":0,"menu_order":0,"comment_status":"closed","ping_status":"closed","template":"elementor_header_footer","meta":{"footnotes":""},"class_list":["post-379","page","type-page","status-publish","hentry"],"aioseo_notices":[],"_links":{"self":[{"href":"https:\/\/casaemiliamexico.com\/en\/wp-json\/wp\/v2\/pages\/379","targetHints":{"allow":["GET"]}}],"collection":[{"href":"https:\/\/casaemiliamexico.com\/en\/wp-json\/wp\/v2\/pages"}],"about":[{"href":"https:\/\/casaemiliamexico.com\/en\/wp-json\/wp\/v2\/types\/page"}],"author":[{"embeddable":true,"href":"https:\/\/casaemiliamexico.com\/en\/wp-json\/wp\/v2\/users\/1"}],"replies":[{"embeddable":true,"href":"https:\/\/casaemiliamexico.com\/en\/wp-json\/wp\/v2\/comments?post=379"}],"version-history":[{"count":4,"href":"https:\/\/casaemiliamexico.com\/en\/wp-json\/wp\/v2\/pages\/379\/revisions"}],"predecessor-version":[{"id":389,"href":"https:\/\/casaemiliamexico.com\/en\/wp-json\/wp\/v2\/pages\/379\/revisions\/389"}],"wp:attachment":[{"href":"https:\/\/casaemiliamexico.com\/en\/wp-json\/wp\/v2\/media?parent=379"}],"curies":[{"name":"wp","href":"https:\/\/api.w.org\/{rel}","templated":true}]}}